{"id":1838,"date":"2024-09-23T16:48:49","date_gmt":"2024-09-23T14:48:49","guid":{"rendered":"https:\/\/ahortadaavoa.com\/?post_type=product&#038;p=1838"},"modified":"2026-03-17T14:48:50","modified_gmt":"2026-03-17T13:48:50","slug":"noquis-de-semola-500g","status":"publish","type":"product","link":"https:\/\/ahortadaavoa.com\/?product=noquis-de-semola-500g","title":{"rendered":"\u00d1oquis de S\u00e9mola (500g)"},"content":{"rendered":"<p>\u00d1oquis de S\u00e9mola 500g, feito a man por La Ideal<\/p>\n","protected":false},"excerpt":{"rendered":"<p>\u00d1oquis de S\u00e9mola 500g, feito a man por La Ideal<\/p>\n","protected":false},"featured_media":1974,"comment_status":"open","ping_status":"closed","template":"","meta":[],"product_brand":[],"product_cat":[27],"product_tag":[],"class_list":{"0":"post-1838","1":"product","2":"type-product","3":"status-publish","4":"has-post-thumbnail","6":"product_cat-artesania","8":"first","9":"outofstock","10":"taxable","11":"shipping-taxable","12":"purchasable","13":"product-type-simple"},"jetpack_sharing_enabled":true,"_links":{"self":[{"href":"https:\/\/ahortadaavoa.com\/index.php?rest_route=\/wp\/v2\/product\/1838","targetHints":{"allow":["GET"]}}],"collection":[{"href":"https:\/\/ahortadaavoa.com\/index.php?rest_route=\/wp\/v2\/product"}],"about":[{"href":"https:\/\/ahortadaavoa.com\/index.php?rest_route=\/wp\/v2\/types\/product"}],"replies":[{"embeddable":true,"href":"https:\/\/ahortadaavoa.com\/index.php?rest_route=%2Fwp%2Fv2%2Fcomments&post=1838"}],"wp:featuredmedia":[{"embeddable":true,"href":"https:\/\/ahortadaavoa.com\/index.php?rest_route=\/wp\/v2\/media\/1974"}],"wp:attachment":[{"href":"https:\/\/ahortadaavoa.com\/index.php?rest_route=%2Fwp%2Fv2%2Fmedia&parent=1838"}],"wp:term":[{"taxonomy":"product_brand","embeddable":true,"href":"https:\/\/ahortadaavoa.com\/index.php?rest_route=%2Fwp%2Fv2%2Fproduct_brand&post=1838"},{"taxonomy":"product_cat","embeddable":true,"href":"https:\/\/ahortadaavoa.com\/index.php?rest_route=%2Fwp%2Fv2%2Fproduct_cat&post=1838"},{"taxonomy":"product_tag","embeddable":true,"href":"https:\/\/ahortadaavoa.com\/index.php?rest_route=%2Fwp%2Fv2%2Fproduct_tag&post=1838"}],"curies":[{"name":"wp","href":"https:\/\/api.w.org\/{rel}","templated":true}]}}