{"id":3361,"date":"2026-02-13T15:49:39","date_gmt":"2026-02-13T14:49:39","guid":{"rendered":"https:\/\/ahortadaavoa.com\/?post_type=product&#038;p=3361"},"modified":"2026-04-08T10:29:58","modified_gmt":"2026-04-08T08:29:58","slug":"balsamo-labial","status":"publish","type":"product","link":"https:\/\/ahortadaavoa.com\/?product=balsamo-labial","title":{"rendered":"B\u00e1lsamo Labial (7ml)"},"content":{"rendered":"<p>Feito con cera de op\u00e9rculos e mel de produci\u00f3n propia, ademais de<br \/>\naceites naturais para conseguir unha maior hidrataci\u00f3n.<br \/>\nLibre de qu\u00edmicos, 100% natural.<\/p>\n","protected":false},"excerpt":{"rendered":"<p>Feito con cera de op\u00e9rculos e mel de produci\u00f3n propia, ademais de aceites naturais para conseguir unha maior hidrataci\u00f3n. Libre de qu\u00edmicos, 100% natural.<\/p>\n","protected":false},"featured_media":3362,"comment_status":"open","ping_status":"closed","template":"","meta":[],"product_brand":[],"product_cat":[27],"product_tag":[],"class_list":{"0":"post-3361","1":"product","2":"type-product","3":"status-publish","4":"has-post-thumbnail","6":"product_cat-artesania","8":"first","9":"outofstock","10":"taxable","11":"shipping-taxable","12":"purchasable","13":"product-type-simple"},"jetpack_sharing_enabled":true,"_links":{"self":[{"href":"https:\/\/ahortadaavoa.com\/index.php?rest_route=\/wp\/v2\/product\/3361","targetHints":{"allow":["GET"]}}],"collection":[{"href":"https:\/\/ahortadaavoa.com\/index.php?rest_route=\/wp\/v2\/product"}],"about":[{"href":"https:\/\/ahortadaavoa.com\/index.php?rest_route=\/wp\/v2\/types\/product"}],"replies":[{"embeddable":true,"href":"https:\/\/ahortadaavoa.com\/index.php?rest_route=%2Fwp%2Fv2%2Fcomments&post=3361"}],"wp:featuredmedia":[{"embeddable":true,"href":"https:\/\/ahortadaavoa.com\/index.php?rest_route=\/wp\/v2\/media\/3362"}],"wp:attachment":[{"href":"https:\/\/ahortadaavoa.com\/index.php?rest_route=%2Fwp%2Fv2%2Fmedia&parent=3361"}],"wp:term":[{"taxonomy":"product_brand","embeddable":true,"href":"https:\/\/ahortadaavoa.com\/index.php?rest_route=%2Fwp%2Fv2%2Fproduct_brand&post=3361"},{"taxonomy":"product_cat","embeddable":true,"href":"https:\/\/ahortadaavoa.com\/index.php?rest_route=%2Fwp%2Fv2%2Fproduct_cat&post=3361"},{"taxonomy":"product_tag","embeddable":true,"href":"https:\/\/ahortadaavoa.com\/index.php?rest_route=%2Fwp%2Fv2%2Fproduct_tag&post=3361"}],"curies":[{"name":"wp","href":"https:\/\/api.w.org\/{rel}","templated":true}]}}