{"id":3373,"date":"2026-02-13T16:15:24","date_gmt":"2026-02-13T15:15:24","guid":{"rendered":"https:\/\/ahortadaavoa.com\/?post_type=product&#038;p=3373"},"modified":"2026-04-18T04:23:56","modified_gmt":"2026-04-18T02:23:56","slug":"pate-portobello-94g","status":"publish","type":"product","link":"https:\/\/ahortadaavoa.com\/?product=pate-portobello-94g","title":{"rendered":"Pat\u00e9 Portobello (94g)"},"content":{"rendered":"<p>Pat\u00e9 champi\u00f1\u00f3n portobello fresco, cebolla, ajo, perejil y aceite oliva virgen extra.<\/p>\n<p>&nbsp;<\/p>\n<p>Sin conservantes<\/p>\n<p>Sin aditivos<\/p>\n<p>Libres de gluten y lactosa<\/p>\n<p>Apto para veganos<\/p>\n<p>Envaso en formato de cristal<\/p>\n","protected":false},"excerpt":{"rendered":"<p>Pat\u00e9 champi\u00f1\u00f3n portobello fresco, cebolla, ajo, perejil y aceite oliva virgen extra. &nbsp; Sin conservantes Sin aditivos Libres de gluten y lactosa Apto para veganos Envaso en formato de cristal<\/p>\n","protected":false},"featured_media":3374,"comment_status":"open","ping_status":"closed","template":"","meta":[],"product_brand":[],"product_cat":[27],"product_tag":[],"class_list":{"0":"post-3373","1":"product","2":"type-product","3":"status-publish","4":"has-post-thumbnail","6":"product_cat-artesania","8":"first","9":"instock","10":"taxable","11":"shipping-taxable","12":"purchasable","13":"product-type-simple"},"jetpack_sharing_enabled":true,"_links":{"self":[{"href":"https:\/\/ahortadaavoa.com\/index.php?rest_route=\/wp\/v2\/product\/3373","targetHints":{"allow":["GET"]}}],"collection":[{"href":"https:\/\/ahortadaavoa.com\/index.php?rest_route=\/wp\/v2\/product"}],"about":[{"href":"https:\/\/ahortadaavoa.com\/index.php?rest_route=\/wp\/v2\/types\/product"}],"replies":[{"embeddable":true,"href":"https:\/\/ahortadaavoa.com\/index.php?rest_route=%2Fwp%2Fv2%2Fcomments&post=3373"}],"wp:featuredmedia":[{"embeddable":true,"href":"https:\/\/ahortadaavoa.com\/index.php?rest_route=\/wp\/v2\/media\/3374"}],"wp:attachment":[{"href":"https:\/\/ahortadaavoa.com\/index.php?rest_route=%2Fwp%2Fv2%2Fmedia&parent=3373"}],"wp:term":[{"taxonomy":"product_brand","embeddable":true,"href":"https:\/\/ahortadaavoa.com\/index.php?rest_route=%2Fwp%2Fv2%2Fproduct_brand&post=3373"},{"taxonomy":"product_cat","embeddable":true,"href":"https:\/\/ahortadaavoa.com\/index.php?rest_route=%2Fwp%2Fv2%2Fproduct_cat&post=3373"},{"taxonomy":"product_tag","embeddable":true,"href":"https:\/\/ahortadaavoa.com\/index.php?rest_route=%2Fwp%2Fv2%2Fproduct_tag&post=3373"}],"curies":[{"name":"wp","href":"https:\/\/api.w.org\/{rel}","templated":true}]}}