{"id":886,"date":"2023-11-20T16:53:02","date_gmt":"2023-11-20T15:53:02","guid":{"rendered":"https:\/\/ahortadaavoa.com\/?post_type=product&#038;p=886"},"modified":"2026-03-04T10:49:14","modified_gmt":"2026-03-04T09:49:14","slug":"cafe-especial-de-mori-250g","status":"publish","type":"product","link":"https:\/\/ahortadaavoa.com\/?product=cafe-especial-de-mori-250g","title":{"rendered":"Caf\u00e9 Especial | Mor\u00ed (250g)"},"content":{"rendered":"<p>Mori Caf\u00e9 de especialidade de Brasil, Torrado en Santiago de Compostela<\/p>\n<p>Dispo\u00f1ible en gran e mo\u00eddo (250g)<\/p>\n","protected":false},"excerpt":{"rendered":"<p>Caf\u00e9 de especialidade, torrado a man polos artes\u00e1ns de Mori Coffee en Santiago de Compostela<\/p>\n","protected":false},"featured_media":2565,"comment_status":"open","ping_status":"closed","template":"","meta":[],"product_brand":[],"product_cat":[27],"product_tag":[],"class_list":{"0":"post-886","1":"product","2":"type-product","3":"status-publish","4":"has-post-thumbnail","6":"product_cat-artesania","8":"first","9":"instock","10":"taxable","11":"shipping-taxable","12":"purchasable","13":"product-type-variable"},"jetpack_sharing_enabled":true,"_links":{"self":[{"href":"https:\/\/ahortadaavoa.com\/index.php?rest_route=\/wp\/v2\/product\/886","targetHints":{"allow":["GET"]}}],"collection":[{"href":"https:\/\/ahortadaavoa.com\/index.php?rest_route=\/wp\/v2\/product"}],"about":[{"href":"https:\/\/ahortadaavoa.com\/index.php?rest_route=\/wp\/v2\/types\/product"}],"replies":[{"embeddable":true,"href":"https:\/\/ahortadaavoa.com\/index.php?rest_route=%2Fwp%2Fv2%2Fcomments&post=886"}],"wp:featuredmedia":[{"embeddable":true,"href":"https:\/\/ahortadaavoa.com\/index.php?rest_route=\/wp\/v2\/media\/2565"}],"wp:attachment":[{"href":"https:\/\/ahortadaavoa.com\/index.php?rest_route=%2Fwp%2Fv2%2Fmedia&parent=886"}],"wp:term":[{"taxonomy":"product_brand","embeddable":true,"href":"https:\/\/ahortadaavoa.com\/index.php?rest_route=%2Fwp%2Fv2%2Fproduct_brand&post=886"},{"taxonomy":"product_cat","embeddable":true,"href":"https:\/\/ahortadaavoa.com\/index.php?rest_route=%2Fwp%2Fv2%2Fproduct_cat&post=886"},{"taxonomy":"product_tag","embeddable":true,"href":"https:\/\/ahortadaavoa.com\/index.php?rest_route=%2Fwp%2Fv2%2Fproduct_tag&post=886"}],"curies":[{"name":"wp","href":"https:\/\/api.w.org\/{rel}","templated":true}]}}